{"id":1412,"date":"2020-11-15T18:58:56","date_gmt":"2020-11-15T18:58:56","guid":{"rendered":"http:\/\/tinerga.18.184.171.29.xip.io\/?page_id=1412"},"modified":"2024-05-13T20:45:47","modified_gmt":"2024-05-13T19:45:47","slug":"o-nas","status":"publish","type":"page","link":"https:\/\/tinerga.si\/o-nas","title":{"rendered":"O nas"},"content":{"rendered":"<div class=\"wpb-content-wrapper\"><p>[vc_row top_margin=&#8221;page-margin-top-section&#8221;][vc_column width=&#8221;2\/3&#8243; el_class=&#8221;padding-right-70&#8243;][vc_column_text]\u0160portna aktivnost je danes, ko veliko \u010dasa presedimo, enostavno nujna &#8211; vsako telo jo potrebuje. Napolnila vas bo z energijo in va\u0161e telo vam bo zanjo izjemno hvale\u017eno. V prijetni dru\u017ebi enako misle\u010dih pa vadba ne bo samo koristna, ampak tudi zanimiva in zabavna. Va\u0161a leta in telesna pripravljenost naj ne bodo ovira, saj bomo skupaj na\u0161li pravo pot do va\u0161ih ciljev. V Tinergi sledimo smernicam zdravega \u017eivljenja in redno nadgrajujemo na\u0161e znanje z udele\u017ebo na dogodkih, ki so namenjeni izpopolnjevanju \u0161portnega kadra.<\/p>\n<p>V Tinergi izvajamo <strong>skupinske in individualne vodene vadbe<\/strong> za \u017eenske in mo\u0161ke vseh starostnih skupin: FIT TINERGA, PILATES in ZDRAVA HRBTENICA, FREESTYLERTM, WTS\u00ae, HIIT TINERGA (visoko intenzivni intervalni trening) in TINERGA MO\u010c. \u010ce \u017eelite, vam lahko pred prvim obiskom razlo\u017eimo namene posameznih vadb, svetujemo in skupaj najdemo primeren program na osnovi va\u0161ih \u017eelja in ciljev. Sporo\u010dite nam! Organiziramo tudi <strong>sre\u010danja \u010dlanov<\/strong>, ki so namenjena dru\u017eenju in predstavitvi razli\u010dnih tem, povezanih z zdravim na\u010dinom \u017eivljenja in skrbjo za telo.<\/p>\n<p><strong>NOVOST<br \/>\n<\/strong>Ker nam je &#8216;korona situacija&#8217; prepre\u010dila izvajanje vadb v dvorani, smo pri\u010deli z izvajanjem <strong>online skupinskih vodenih vadb<\/strong>. Tudi v tej obliki so na voljo vse vadbe, vade\u010dim pa posodimo tudi opremo, ki jo pri vadbi potrebujejo.<\/p>\n<p>Vzemite si \u010das zase in poskrbite za svoje telo, da vam bo \u0161e dolgo in dobro slu\u017eilo. In ne pozabite se zraven tudi zabavati! ;-)[\/vc_column_text]<div class=\"show-all clearfix align-float\"><a class=\"more gb-button white-bg float-left margin-top-20\" href=\"\/izberi-svoj-online-paket\/\" title=\"TINERGA ONLINE\">TINERGA ONLINE<\/a><\/div><div class=\"show-all clearfix align-float\"><a class=\"more gb-button margin-left-30 margin-top-20\" href=\"\/urnik\/\" title=\"URNIK V DVORANI\">URNIK V DVORANI<\/a><\/div><div class=\"show-all clearfix align-float\"><a class=\"more gb-button margin-left-30 margin-top-20\" href=\"\/trainers\/tina-dragan\/\" title=\"TINA DRAGAN - ustanoviteljica\">TINA DRAGAN - ustanoviteljica<\/a><\/div>[\/vc_column][vc_column width=&#8221;1\/3&#8243;][vc_single_image image=&#8221;6655&#8243; img_size=&#8221;large&#8221;][\/vc_column][\/vc_row]<\/p>\n<\/div>","protected":false},"excerpt":{"rendered":"<p>[vc_row top_margin=&#8221;page-margin-top-section&#8221;][vc_column width=&#8221;2\/3&#8243; el_class=&#8221;padding-right-70&#8243;][vc_column_text]\u0160portna aktivnost je danes, ko veliko \u010dasa presedimo, enostavno nujna &#8211; vsako telo jo potrebuje. Napolnila vas bo z energijo in va\u0161e telo vam bo zanjo izjemno hvale\u017eno. V prijetni dru\u017ebi enako misle\u010dih pa vadba ne bo samo koristna, ampak tudi zanimiva in zabavna. Va\u0161a leta in telesna pripravljenost naj ne bodo<\/p>\n","protected":false},"author":2,"featured_media":0,"parent":0,"menu_order":0,"comment_status":"closed","ping_status":"closed","template":"","meta":{"footnotes":""},"_links":{"self":[{"href":"https:\/\/tinerga.si\/index.php?rest_route=\/wp\/v2\/pages\/1412"}],"collection":[{"href":"https:\/\/tinerga.si\/index.php?rest_route=\/wp\/v2\/pages"}],"about":[{"href":"https:\/\/tinerga.si\/index.php?rest_route=\/wp\/v2\/types\/page"}],"author":[{"embeddable":true,"href":"https:\/\/tinerga.si\/index.php?rest_route=\/wp\/v2\/users\/2"}],"replies":[{"embeddable":true,"href":"https:\/\/tinerga.si\/index.php?rest_route=%2Fwp%2Fv2%2Fcomments&post=1412"}],"version-history":[{"count":16,"href":"https:\/\/tinerga.si\/index.php?rest_route=\/wp\/v2\/pages\/1412\/revisions"}],"predecessor-version":[{"id":8902,"href":"https:\/\/tinerga.si\/index.php?rest_route=\/wp\/v2\/pages\/1412\/revisions\/8902"}],"wp:attachment":[{"href":"https:\/\/tinerga.si\/index.php?rest_route=%2Fwp%2Fv2%2Fmedia&parent=1412"}],"curies":[{"name":"wp","href":"https:\/\/api.w.org\/{rel}","templated":true}]}}