{"id":1501,"date":"2020-11-15T21:52:20","date_gmt":"2020-11-15T21:52:20","guid":{"rendered":"http:\/\/tinerga.18.184.171.29.xip.io\/?page_id=1501"},"modified":"2023-02-07T07:15:41","modified_gmt":"2023-02-07T06:15:41","slug":"partnerji","status":"publish","type":"page","link":"https:\/\/tinerga.si\/partnerji","title":{"rendered":"Partnerji"},"content":{"rendered":"<div class=\"wpb-content-wrapper\"><p>[vc_row top_margin=&#8221;page-margin-top-section&#8221;][vc_column el_class=&#8221;padding-right-70&#8243;][vc_column_text el_class=&#8221;description margin-top-15&#8243;]<strong><span style=\"color: #59b42d\">Podjetja in sindikati, ki svojim zaposlenim in \u010dlanom omogo\u010dajo ugodnej\u0161o rekreacijo:<\/span><\/strong><\/p>\n<p>Trim klub Krka, \u0160KD Zavarovalnice Sava, \u0160D CGP, \u0160D Adria, Sindikat SVIZ OO Novo mesto, \u0160D Zavod za zdravstveno varstvo Novo mesto.<\/p>\n<p><strong><span style=\"color: #59b42d\">Poslovno sodelovanje:<\/span><\/strong><\/p>\n<p><strong>CORPOCABANA:<\/strong> \u0160portna obla\u010dila si lahko ogledate in pomerite v prostorih Tinerge. Za \u010dlane velja popust.<\/p>\n<p><a href=\"https:\/\/corpocabana.com\/\">https:\/\/corpocabana.com\/<\/a><\/p>\n<p>[\/vc_column_text][\/vc_column][\/vc_row]<\/p>\n<\/div>","protected":false},"excerpt":{"rendered":"<p>[vc_row top_margin=&#8221;page-margin-top-section&#8221;][vc_column el_class=&#8221;padding-right-70&#8243;][vc_column_text el_class=&#8221;description margin-top-15&#8243;]Podjetja in sindikati, ki svojim zaposlenim in \u010dlanom omogo\u010dajo ugodnej\u0161o rekreacijo: Trim klub Krka, \u0160KD Zavarovalnice Sava, \u0160D CGP, \u0160D Adria, Sindikat SVIZ OO Novo mesto, \u0160D Zavod za zdravstveno varstvo Novo mesto. Poslovno sodelovanje: CORPOCABANA: \u0160portna obla\u010dila si lahko ogledate in pomerite v prostorih Tinerge. Za \u010dlane velja popust. https:\/\/corpocabana.com\/<\/p>\n","protected":false},"author":2,"featured_media":0,"parent":0,"menu_order":0,"comment_status":"closed","ping_status":"closed","template":"","meta":{"footnotes":""},"_links":{"self":[{"href":"https:\/\/tinerga.si\/index.php?rest_route=\/wp\/v2\/pages\/1501"}],"collection":[{"href":"https:\/\/tinerga.si\/index.php?rest_route=\/wp\/v2\/pages"}],"about":[{"href":"https:\/\/tinerga.si\/index.php?rest_route=\/wp\/v2\/types\/page"}],"author":[{"embeddable":true,"href":"https:\/\/tinerga.si\/index.php?rest_route=\/wp\/v2\/users\/2"}],"replies":[{"embeddable":true,"href":"https:\/\/tinerga.si\/index.php?rest_route=%2Fwp%2Fv2%2Fcomments&post=1501"}],"version-history":[{"count":5,"href":"https:\/\/tinerga.si\/index.php?rest_route=\/wp\/v2\/pages\/1501\/revisions"}],"predecessor-version":[{"id":6653,"href":"https:\/\/tinerga.si\/index.php?rest_route=\/wp\/v2\/pages\/1501\/revisions\/6653"}],"wp:attachment":[{"href":"https:\/\/tinerga.si\/index.php?rest_route=%2Fwp%2Fv2%2Fmedia&parent=1501"}],"curies":[{"name":"wp","href":"https:\/\/api.w.org\/{rel}","templated":true}]}}