{"id":1605,"date":"2020-11-17T09:19:33","date_gmt":"2020-11-17T08:19:33","guid":{"rendered":"http:\/\/tinerga.18.184.171.29.xip.io\/?page_id=1605"},"modified":"2024-09-04T09:47:06","modified_gmt":"2024-09-04T08:47:06","slug":"izberi-svoj-online-paket","status":"publish","type":"page","link":"https:\/\/tinerga.si\/izberi-svoj-online-paket","title":{"rendered":"Izberi svoj ONLINE paket"},"content":{"rendered":"<div class=\"wpb-content-wrapper\"><p>[vc_row top_margin=&#8221;page-margin-top-section&#8221;][vc_column]<h4 class=\"box-header no-border\">TINERGA ONLINE je program Online vodenih treningov, ki ti bodo pomagali:<\/h4><ul class=\"items-list alternate\">\r\n\t<li class=\"template-arrow-horizontal-7 no-border clearfix\" style=\"border-bottom: none;\"><span>izbolj\u0161ati svoje po\u010dutje in \u017eiveti z ve\u010d energije<\/span>\r\n\t<\/li>\r\n\t<li class=\"template-arrow-horizontal-7 no-border clearfix\" style=\"border-bottom: none;\"><span>ustvariti mo\u010dno in funkcionalno telo<\/span>\r\n\t<\/li>\r\n\t<li class=\"template-arrow-horizontal-7 no-border clearfix\" style=\"border-bottom: none;\"><span>oblikovati postavo, ki si jo \u017eeli\u0161<\/span>\r\n\t<\/li>\r\n\t<li class=\"template-arrow-horizontal-7 no-border clearfix\" style=\"border-bottom: none;\"><span>pridobiti na kondiciji, mo\u010di in gibljivosti<\/span>\r\n\t<\/li>\r\n\t<li class=\"template-arrow-horizontal-7 no-border clearfix\" style=\"border-bottom: none;\"><span>ohraniti zdravo hrbtenico<\/span>\r\n\t<\/li><\/ul>[\/vc_column][\/vc_row][vc_row top_margin=&#8221;page-margin-top&#8221; el_class=&#8221;padding-bottom-100&#8243;][vc_column width=&#8221;1\/4&#8243; el_class=&#8221;cost-calculator-box cost-calculator-sum gray&#8221;][vc_single_image image=&#8221;6075&#8243; alignment=&#8221;center&#8221;][vc_empty_space]<h2 class=\"box-header no-border\">FIT Tinerga<\/h2><div class=\"cost-calculator-box cost-calculator-summary-box cost-calculator-clearfix margin-top-25\">\r\n\t\t<span class=\"cost-calculator-summary-price cost-calculator-small-currency cost-calculator-align-top cost-calculator-after-align-bottom\" id=\"day_pass\"><span class=\"cost-calculator-currency\">\u20ac<\/span>0.00<\/span><p class=\"cost-calculator-price-description\">mese\u010dno*<\/p><input type=\"hidden\" id=\"day_pass-total\" name=\"day_pass\" value=\"\u20ac0.00\">\r\n\t<input type=\"hidden\" id=\"day_pass-total-value\" name=\"day_pass-value\" value=\"0\">\r\n\t<input type=\"hidden\" name=\"day_pass-summarylabel\" value=\"\">\r\n\t<\/div><ul class=\"items-list alternate margin-top-37\">\r\n\t<li class=\"template-tick-1 no-border clearfix\" style=\"border-bottom: none;\"><span>funkcionalni trening za izbolj\u0161anje mo\u010di, gibljivosti, kondicije in koordinacije celega telesa<\/span>\r\n\t<\/li>\r\n\t<li class=\"template-tick-1 no-border clearfix\" style=\"border-bottom: none;\"><span>4 novi videoposnetki vsak mesec<\/span>\r\n\t<\/li>\r\n\t<li class=\"template-tick-1 no-border clearfix\" style=\"border-bottom: none;\"><span>Recepti za pripravo zdravih obrokov<\/span>\r\n\t<\/li>\r\n\t<li class=\"template-tick-1 no-border clearfix\" style=\"border-bottom: none;\"><span>Arhiv treningov ves \u010das veljavnosti naro\u010dnine<\/span>\r\n\t<\/li><\/ul><div class=\"show-all clearfix page-margin-top align-center\"><a class=\"more gb-button white-bg\" href=\"?add-to-cart=1552\" title=\"NARO\u010cI\">NARO\u010cI<\/a><\/div>[\/vc_column][vc_column width=&#8221;1\/4&#8243; el_class=&#8221;cost-calculator-box cost-calculator-sum gray&#8221;][vc_single_image image=&#8221;6074&#8243; alignment=&#8221;center&#8221;][vc_empty_space]<h2 class=\"box-header no-border\">Pilates in Zdrava Hrbtenica<\/h2><div class=\"cost-calculator-box cost-calculator-summary-box cost-calculator-clearfix margin-top-25\">\r\n\t\t<span class=\"cost-calculator-summary-price cost-calculator-small-currency cost-calculator-align-top cost-calculator-after-align-bottom\" id=\"year_pass\"><span class=\"cost-calculator-currency\">\u20ac<\/span>0.00<\/span><p class=\"cost-calculator-price-description\">mese\u010dno*<\/p><input type=\"hidden\" id=\"year_pass-total\" name=\"year_pass\" value=\"\u20ac0.00\">\r\n\t<input type=\"hidden\" id=\"year_pass-total-value\" name=\"year_pass-value\" value=\"0\">\r\n\t<input type=\"hidden\" name=\"year_pass-summarylabel\" value=\"\">\r\n\t<\/div><ul class=\"items-list alternate margin-top-37\">\r\n\t<li class=\"template-tick-1 no-border clearfix\" style=\"border-bottom: none;\"><span>krepitev mi\u0161i\u010dnega sistema, izbolj\u0161anje gibljivosti, izbolj\u0161anje ravnote\u017eja in koordinacije, preventiva pri bole\u010dinah v hrbtenici<\/span>\r\n\t<\/li>\r\n\t<li class=\"template-tick-1 no-border clearfix\" style=\"border-bottom: none;\"><span>4 novi videoposnetki vsak mesec,<\/span>\r\n\t<\/li>\r\n\t<li class=\"template-tick-1 no-border clearfix\" style=\"border-bottom: none;\"><span>Recepti za pripravo zdravih obrokov<\/span>\r\n\t<\/li>\r\n\t<li class=\"template-tick-1 no-border clearfix\" style=\"border-bottom: none;\"><span>Arhiv treningov ves \u010das veljavnosti naro\u010dnine<\/span>\r\n\t<\/li><\/ul><div class=\"show-all clearfix page-margin-top align-center\"><a class=\"more gb-button white-bg\" href=\"?add-to-cart=1549\" title=\"NARO\u010cI\">NARO\u010cI<\/a><\/div>[\/vc_column][vc_column width=&#8221;1\/4&#8243; el_class=&#8221;cost-calculator-box cost-calculator-sum gray&#8221;][vc_single_image image=&#8221;6076&#8243; alignment=&#8221;center&#8221;][vc_empty_space]<h2 class=\"box-header no-border\">Tinerga MO\u010c<\/h2><div class=\"cost-calculator-box cost-calculator-summary-box cost-calculator-clearfix margin-top-25\">\r\n\t\t<span class=\"cost-calculator-summary-price cost-calculator-small-currency cost-calculator-align-top cost-calculator-after-align-bottom\" id=\"year_pass_moc\"><span class=\"cost-calculator-currency\">\u20ac<\/span>0.00<\/span><p class=\"cost-calculator-price-description\">mese\u010dno*<\/p><input type=\"hidden\" id=\"year_pass_moc-total\" name=\"year_pass\" value=\"\u20ac0.00\">\r\n\t<input type=\"hidden\" id=\"year_pass_moc-total-value\" name=\"year_pass-value\" value=\"0\">\r\n\t<input type=\"hidden\" name=\"year_pass-summarylabel\" value=\"\">\r\n\t<\/div><ul class=\"items-list alternate margin-top-37\">\r\n\t<li class=\"template-tick-1 no-border clearfix\" style=\"border-bottom: none;\"><span>funkcionalni trening s poudarkom na izbolj\u0161anju mi\u0161i\u010dne mo\u010di<\/span>\r\n\t<\/li>\r\n\t<li class=\"template-tick-1 no-border clearfix\" style=\"border-bottom: none;\"><span>4 novi videoposnetki vsak mesec<\/span>\r\n\t<\/li>\r\n\t<li class=\"template-tick-1 no-border clearfix\" style=\"border-bottom: none;\"><span>Recepti za pripravo zdravih obrokov<\/span>\r\n\t<\/li>\r\n\t<li class=\"template-tick-1 no-border clearfix\" style=\"border-bottom: none;\"><span>Arhiv treningov ves \u010das veljavnosti naro\u010dnine<\/span>\r\n\t<\/li><\/ul><div class=\"show-all clearfix page-margin-top align-center\"><a class=\"more gb-button white-bg\" href=\"?add-to-cart=1545\" title=\"NARO\u010cI\">NARO\u010cI<\/a><\/div>[\/vc_column][vc_column width=&#8221;1\/4&#8243; el_class=&#8221;cost-calculator-box cost-calculator-sum gray&#8221;][vc_single_image image=&#8221;6073&#8243; alignment=&#8221;center&#8221;][vc_empty_space]<h2 class=\"box-header no-border\">HiiT Tinerga<\/h2><div class=\"cost-calculator-box cost-calculator-summary-box cost-calculator-clearfix margin-top-25\">\r\n\t\t<span class=\"cost-calculator-summary-price cost-calculator-small-currency cost-calculator-align-top cost-calculator-after-align-bottom\" id=\"year_pass_hiit\"><span class=\"cost-calculator-currency\">\u20ac<\/span>0.00<\/span><p class=\"cost-calculator-price-description\">mese\u010dno*<\/p><input type=\"hidden\" id=\"year_pass_hiit-total\" name=\"year_pass\" value=\"\u20ac0.00\">\r\n\t<input type=\"hidden\" id=\"year_pass_hiit-total-value\" name=\"year_pass-value\" value=\"0\">\r\n\t<input type=\"hidden\" name=\"year_pass-summarylabel\" value=\"\">\r\n\t<\/div><ul class=\"items-list alternate margin-top-37\">\r\n\t<li class=\"template-tick-1 no-border clearfix\" style=\"border-bottom: none;\"><span>visoko intenzivni intervalni funkcionalni trening<\/span>\r\n\t<\/li>\r\n\t<li class=\"template-tick-1 no-border clearfix\" style=\"border-bottom: none;\"><span>4 novi videoposnetki vsak mesec<\/span>\r\n\t<\/li>\r\n\t<li class=\"template-tick-1 no-border clearfix\" style=\"border-bottom: none;\"><span>Recepti za pripravo zdravih obrokov<\/span>\r\n\t<\/li>\r\n\t<li class=\"template-tick-1 no-border clearfix\" style=\"border-bottom: none;\"><span>Arhiv treningov ves \u010das veljavnosti naro\u010dnine<\/span>\r\n\t<\/li><\/ul><div class=\"show-all clearfix page-margin-top align-center\"><a class=\"more gb-button white-bg\" href=\"?add-to-cart=1742\" title=\"NARO\u010cI\">NARO\u010cI<\/a><\/div>[\/vc_column][\/vc_row][vc_row top_margin=&#8221;page-margin-top&#8221; el_class=&#8221;padding-bottom-100&#8243;][vc_column width=&#8221;1\/4&#8243; el_class=&#8221;cost-calculator-box cost-calculator-sum white&#8221;][vc_single_image image=&#8221;2003&#8243; alignment=&#8221;center&#8221;][vc_empty_space][vc_column_text]<\/p>\n<h2><span style=\"color: #000000\">WTS + najem opreme<\/span><\/h2>\n<p>[\/vc_column_text]<div class=\"cost-calculator-box cost-calculator-summary-box cost-calculator-clearfix margin-top-25\">\r\n\t\t<span class=\"cost-calculator-summary-price cost-calculator-small-currency cost-calculator-align-top cost-calculator-after-align-bottom\" id=\"punch_pass\"><span class=\"cost-calculator-currency\">\u20ac<\/span>0.00<\/span><p class=\"cost-calculator-price-description\">mese\u010dno**<\/p><input type=\"hidden\" id=\"punch_pass-total\" name=\"punch_pass\" value=\"\u20ac0.00\">\r\n\t<input type=\"hidden\" id=\"punch_pass-total-value\" name=\"punch_pass-value\" value=\"0\">\r\n\t<input type=\"hidden\" name=\"punch_pass-summarylabel\" value=\"\">\r\n\t<\/div><ul class=\"items-list alternate margin-top-37\">\r\n\t<li class=\"template-tick-1 no-border clearfix\" style=\"border-bottom: none;\"><span>sistem fitnes treninga s prostimi ute\u017emi<\/span>\r\n\t<\/li>\r\n\t<li class=\"template-tick-1 no-border clearfix\" style=\"border-bottom: none;\"><span>4 novi videoposnetki vsak mesec<\/span>\r\n\t<\/li>\r\n\t<li class=\"template-tick-1 no-border clearfix\" style=\"border-bottom: none;\"><span>Recepti za pripravo zdravih obrokov<\/span>\r\n\t<\/li>\r\n\t<li class=\"template-tick-1 no-border clearfix\" style=\"border-bottom: none;\"><span>Arhiv treningov ves \u010das veljavnosti naro\u010dnine<\/span>\r\n\t<\/li><\/ul><div class=\"show-all clearfix page-margin-top align-center\"><a class=\"more gb-button black\" href=\"?add-to-cart=1551\" title=\"NARO\u010cI\">NARO\u010cI<\/a><\/div>[\/vc_column][vc_column width=&#8221;1\/4&#8243; el_class=&#8221;cost-calculator-box cost-calculator-sum white&#8221;][vc_single_image image=&#8221;1990&#8243; alignment=&#8221;center&#8221;][vc_empty_space][vc_column_text]<\/p>\n<h2><span style=\"color: #000000\">Freestyler + najem opreme<\/span><\/h2>\n<p>[\/vc_column_text]<div class=\"cost-calculator-box cost-calculator-summary-box cost-calculator-clearfix margin-top-25\">\r\n\t\t<span class=\"cost-calculator-summary-price cost-calculator-small-currency cost-calculator-align-top cost-calculator-after-align-bottom\" id=\"month_to_month\"><span class=\"cost-calculator-currency\">\u20ac<\/span>0.00<\/span><p class=\"cost-calculator-price-description\">mese\u010dno**<\/p><input type=\"hidden\" id=\"month_to_month-total\" name=\"month_to_month\" value=\"\u20ac0.00\">\r\n\t<input type=\"hidden\" id=\"month_to_month-total-value\" name=\"month_to_month-value\" value=\"0\">\r\n\t<input type=\"hidden\" name=\"month_to_month-summarylabel\" value=\"\">\r\n\t<\/div><ul class=\"items-list alternate margin-top-37\">\r\n\t<li class=\"template-tick-1 no-border clearfix\" style=\"border-bottom: none;\"><span>sistem vadbenih programov, kjer \u00bbVsak gib \u0161teje\u00ab, izvaja se s pomo\u010djo Freestyler deske in elastik<\/span>\r\n\t<\/li>\r\n\t<li class=\"template-tick-1 no-border clearfix\" style=\"border-bottom: none;\"><span>4 novi videoposnetki vsak mesec<\/span>\r\n\t<\/li>\r\n\t<li class=\"template-tick-1 no-border clearfix\" style=\"border-bottom: none;\"><span>Recepti za pripravo zdravih obrokov<\/span>\r\n\t<\/li>\r\n\t<li class=\"template-tick-1 no-border clearfix\" style=\"border-bottom: none;\"><span>Arhiv treningov ves \u010das veljavnosti naro\u010dnine<\/span>\r\n\t<\/li><\/ul><div class=\"show-all clearfix page-margin-top align-center\"><a class=\"more gb-button black\" href=\"?add-to-cart=1550\" title=\"NARO\u010cI\">NARO\u010cI<\/a><\/div>[\/vc_column][\/vc_row][vc_row][vc_column][vc_column_text]* Ob izbiri ve\u010d vadb iz paketa Tinerga Online je cena 2 vadb 19\u20ac, 3 vadb 26\u20ac in 4 vadb 30\u20ac.<br \/>\n**Ob izbiri paketa je vklju\u010den tudi najem opreme.<\/p>\n<p><span class=\"OYPEnA font-feature-liga-off font-feature-clig-off font-feature-calt-off text-decoration-none text-strikethrough-none\">ZDRU\u017dEVANJE PAKETOV: Cene se se\u0161tevajo do maksimalnega zneska 60\u20ac. Vsak paket vsebuje 4 nove vadbe na mesec.<\/span>[\/vc_column_text][vc_column_text el_class=&#8221;margin-top-10&#8243;]Natan\u010den opis vadb si preberite <span style=\"color: #409915\"><strong><a style=\"color: #409915\" href=\"http:\/\/tinerga.18.185.142.224.xip.io\/nase-vadbe\/\">TUKAJ<\/a><\/strong><\/span>.[\/vc_column_text][\/vc_column][\/vc_row][vc_row top_margin=&#8221;page-margin-top-section&#8221;][vc_column]<h3 class=\"box-header\">TINERGA ONLINE je sestavljena iz 6 paketov vodenih treningov, ki jih poljubno izbira\u0161 in vklju\u010duje\u0161 v svoj plan treningov.<\/h3>[vc_column_text]<strong>V programu prejme\u0161:<\/strong>[\/vc_column_text]<ul class=\"items-list alternate\">\r\n\t<li class=\"template-arrow-horizontal-7 no-border clearfix\" style=\"border-bottom: none;\"><span>Vsak teden nov videoposnetek treninga s prikazom pravilne izvedbe vaj, opisanimi nameni vaj, napotki za pravilno izvedbo in opomnike za odpravo morebitnih napak.<\/span>\r\n\t<\/li>\r\n\t<li class=\"template-arrow-horizontal-7 no-border clearfix\" style=\"border-bottom: none;\"><span>Treningi so raznoliki in vsebujejo navedbo la\u017eje in te\u017eje razli\u010dice vaj oziroma sklopov vaj.<\/span>\r\n\t<\/li>\r\n\t<li class=\"template-arrow-horizontal-7 no-border clearfix\" style=\"border-bottom: none;\"><span>Recepte za pripravo zdravih obrokov.<\/span>\r\n\t<\/li>\r\n\t<li class=\"template-arrow-horizontal-7 no-border clearfix\" style=\"border-bottom: none;\"><span>Arhiv treningov.<\/span>\r\n\t<\/li><\/ul>[vc_empty_space height=&#8221;64px&#8221;][\/vc_column][\/vc_row][vc_row type=&#8221;full-width&#8221; css=&#8221;.vc_custom_1593184264476{background-color: #28282a !important;}&#8221; el_class=&#8221;padding-bottom-100&#8243;][vc_column][vc_row_inner top_margin=&#8221;page-margin-top-section&#8221;][vc_column_inner][vc_column_text el_class=&#8221;margin-top-10&#8243;]<\/p>\n<p style=\"text-align: left\">TINERGA ONLINE ti omogo\u010da popolno prilagodljivost treningov glede na tvoj urnik in lokacijo izvedbe treninga. Razmisli kateri del dneva ti najbolj ustreza za trening in ustvari svoj individualni plan treningov, \u00a0zapi\u0161i tudi katere <strong>cilje<\/strong> \u017eeli\u0161 dose\u010di in <strong>kolikokrat<\/strong> tedensko \u017eeli\u0161 <strong>trenirati<\/strong>.<br \/>\nZa pomo\u010d pri izboru in planu treningov se lahko obrne\u0161 tudi na nas, z veseljem ti bomo pomagali.<\/p>\n<p style=\"text-align: left\"><strong>Kako se pridru\u017ei\u0161 TINERGI ONLINE?<br \/>\n<\/strong>Oddaj svojo prijavo na spletnem obrazcu NARO\u010cI SE. Po pla\u010dilu (BA kartica ali spletno nakazilo) bomo aktivirali va\u0161 dostop do izbranega paketa.<\/p>\n<p style=\"text-align: left\">Pred pretekom mese\u010dne naro\u010dnine bo\u0161 prejel opomnik o poteku naro\u010dnine. V kolikor novega podalj\u0161anja ne bo\u0161 uredil, bo dostop ukinjen. Naro\u010dnino lahko brez te\u017eav kadarkoli prekine\u0161.<\/p>\n<p>[\/vc_column_text][\/vc_column_inner][\/vc_row_inner][\/vc_column][\/vc_row][vc_row top_margin=&#8221;page-margin-top-section&#8221;][vc_column]<h2 class=\"box-header align-center\">Kontakt<\/h2>[vc_column_text el_class=&#8221;align-center margin-top-10&#8243;]Imate kak\u0161no vpra\u0161anje?[\/vc_column_text]<form class=\"gb-contact-form  margin-top-20\" id=\"contact-form\" method=\"post\" action=\"#\">\r\n\t\t<div class=\"vc_row wpb_row vc_inner flex-box\">\r\n\t\t\t<fieldset class=\"vc_col-sm-6 wpb_column vc_column_container\">\r\n\t\t\t\t<div class=\"gb-block\">\r\n\t\t\t\t\t<label>YOUR NAME<\/label>\r\n\t\t\t\t\t<input class=\"text_input\" name=\"name\" type=\"text\" value=\"\" data-required=\"1\">\r\n\t\t\t\t<\/div>\r\n\t\t\t\t<div class=\"gb-block\">\r\n\t\t\t\t\t<label>YOUR EMAIL<\/label>\r\n\t\t\t\t\t<input class=\"text_input\" name=\"email\" type=\"text\" value=\"\" data-required=\"1\">\r\n\t\t\t\t<\/div>\r\n\t\t\t\t<div class=\"gb-block\">\r\n\t\t\t\t\t<label>WEBSITE (OPTIONAL)<\/label>\r\n\t\t\t\t\t<input class=\"text_input\" name=\"website\" type=\"text\" value=\"\">\r\n\t\t\t\t<\/div>\r\n\t\t\t<\/fieldset>\r\n\t\t\t<fieldset class=\"vc_col-sm-6 wpb_column vc_column_container\">\r\n\t\t\t\t<div class=\"gb-block textarea-block\">\r\n\t\t\t\t\t<label>MESSAGE<\/label>\r\n\t\t\t\t\t<textarea name=\"message\" data-required=\"1\"><\/textarea>\r\n\t\t\t\t<\/div>\r\n\t\t\t<\/fieldset>\r\n\t\t<\/div>\r\n\t\t<div class=\"vc_row wpb_row vc_inner margin-top-30\">\r\n\t\t\t<div class=\"vc_col-sm-12 wpb_column vc_column_container fieldset-with-recaptcha\">\r\n\t\t\t\t<input type=\"hidden\" name=\"action\" value=\"theme_contact_form\">\r\n\t\t\t\t<input type=\"hidden\" name=\"id\" value=\"contact-form\"><div class=\"vc_row wpb_row vc_inner button-with-recaptcha\">\r\n\t\t\t\t\t<a class=\"more submit-contact-form\" href=\"#\" title=\"SEND MESSAGE\">SEND MESSAGE<\/a>\r\n\t\t\t\t<\/div><div class=\"g-recaptcha-wrapper gb-block\"><div class=\"g-recaptcha\" data-theme=\"dark\" data-sitekey=\"6LeIs_sUAAAAAINDu9Az-cemlLzopuoHN-MMM9QC\"><\/div><\/div><\/div>\r\n\t\t<\/div>\r\n\t<\/form>[\/vc_column][\/vc_row]<\/p>\n<\/div>","protected":false},"excerpt":{"rendered":"<p>[vc_row top_margin=&#8221;page-margin-top-section&#8221;][vc_column][\/vc_column][\/vc_row][vc_row top_margin=&#8221;page-margin-top&#8221; el_class=&#8221;padding-bottom-100&#8243;][vc_column width=&#8221;1\/4&#8243; el_class=&#8221;cost-calculator-box cost-calculator-sum gray&#8221;][vc_single_image image=&#8221;6075&#8243; alignment=&#8221;center&#8221;][vc_empty_space][\/vc_column][vc_column width=&#8221;1\/4&#8243; el_class=&#8221;cost-calculator-box cost-calculator-sum gray&#8221;][vc_single_image image=&#8221;6074&#8243; alignment=&#8221;center&#8221;][vc_empty_space][\/vc_column][vc_column width=&#8221;1\/4&#8243; el_class=&#8221;cost-calculator-box cost-calculator-sum gray&#8221;][vc_single_image image=&#8221;6076&#8243; alignment=&#8221;center&#8221;][vc_empty_space][\/vc_column][vc_column width=&#8221;1\/4&#8243; el_class=&#8221;cost-calculator-box cost-calculator-sum gray&#8221;][vc_single_image image=&#8221;6073&#8243; alignment=&#8221;center&#8221;][vc_empty_space][\/vc_column][\/vc_row][vc_row top_margin=&#8221;page-margin-top&#8221; el_class=&#8221;padding-bottom-100&#8243;][vc_column width=&#8221;1\/4&#8243; el_class=&#8221;cost-calculator-box cost-calculator-sum white&#8221;][vc_single_image image=&#8221;2003&#8243; alignment=&#8221;center&#8221;][vc_empty_space][vc_column_text] WTS + najem opreme [\/vc_column_text][\/vc_column][vc_column width=&#8221;1\/4&#8243; el_class=&#8221;cost-calculator-box cost-calculator-sum white&#8221;][vc_single_image image=&#8221;1990&#8243; alignment=&#8221;center&#8221;][vc_empty_space][vc_column_text] Freestyler + najem opreme [\/vc_column_text][\/vc_column][\/vc_row][vc_row][vc_column][vc_column_text]* Ob izbiri ve\u010d<\/p>\n","protected":false},"author":2,"featured_media":0,"parent":0,"menu_order":0,"comment_status":"closed","ping_status":"closed","template":"","meta":{"footnotes":""},"_links":{"self":[{"href":"https:\/\/tinerga.si\/index.php?rest_route=\/wp\/v2\/pages\/1605"}],"collection":[{"href":"https:\/\/tinerga.si\/index.php?rest_route=\/wp\/v2\/pages"}],"about":[{"href":"https:\/\/tinerga.si\/index.php?rest_route=\/wp\/v2\/types\/page"}],"author":[{"embeddable":true,"href":"https:\/\/tinerga.si\/index.php?rest_route=\/wp\/v2\/users\/2"}],"replies":[{"embeddable":true,"href":"https:\/\/tinerga.si\/index.php?rest_route=%2Fwp%2Fv2%2Fcomments&post=1605"}],"version-history":[{"count":139,"href":"https:\/\/tinerga.si\/index.php?rest_route=\/wp\/v2\/pages\/1605\/revisions"}],"predecessor-version":[{"id":9447,"href":"https:\/\/tinerga.si\/index.php?rest_route=\/wp\/v2\/pages\/1605\/revisions\/9447"}],"wp:attachment":[{"href":"https:\/\/tinerga.si\/index.php?rest_route=%2Fwp%2Fv2%2Fmedia&parent=1605"}],"curies":[{"name":"wp","href":"https:\/\/api.w.org\/{rel}","templated":true}]}}