{"id":1765,"date":"2020-11-20T08:49:24","date_gmt":"2020-11-20T07:49:24","guid":{"rendered":"http:\/\/tinerga.18.184.171.29.xip.io\/?page_id=1765"},"modified":"2020-11-20T08:55:07","modified_gmt":"2020-11-20T07:55:07","slug":"splosni-pogoji-poslovanja","status":"publish","type":"page","link":"https:\/\/tinerga.si\/splosni-pogoji-poslovanja","title":{"rendered":"Splo\u0161ni pogoji poslovanja"},"content":{"rendered":"<div class=\"wpb-content-wrapper\"><p>[vc_row][vc_column][vc_column_text]Stran www.tinerga.si in vse objavljene vsebine na tej strani so last podjetja TINERGA, Tina Dragan, s.p.. Vsebine se lahko uporabljajo le v nekomercialne namene in brez dovoljenja podjetja, se jih ne sme razmno\u017eevati, kopirati ali distribuirati na katerikoli drug na\u010din.<\/p>\n<p>Podjetje si pridr\u017euje pravico do vseh sprememb vsebine, ki so objavljene na spletni strani <a href=\"https:\/\/tinerga.si\">www.tinerga.si<\/a>.<\/p>\n<ol>\n<li>\n<h3><span style=\"color: #800080;\"><strong>Splo\u0161no<\/strong><\/span><\/h3>\n<\/li>\n<\/ol>\n<p>Splo\u0161ni pogoji spletne strani tinerga.si so sestavljeni v skladu z Zakonom o varstvu potro\u0161nikov (ZVPot), Zakonom o varstvu osebnih podatkov (ZVOP-1) ter Zakonom o elektronskih komunikacijah (ZEKom-1) + zakon o varstvu potro\u0161nikov pred nepo\u0161tenimi poslovnimi praksami (ZVPNPP).<\/p>\n<p>Spletno stran upravlja podjetje Tinerga, Tina Dragan, s.p., K Roku 117, 8000 Novo mesto, mati\u010dna \u0161tevilka: 3794083000, dav\u010dna \u0161tevilka: 11264187.<\/p>\n<p>Splo\u0161ni pogoji poslovanja dolo\u010dajo delovanje spletne strani tinerga.si, pravice in obveznosti kupca, \u010dlana in spletne strani ter urejajo poslovni odnos med tinerga.si in kupcem.<\/p>\n<p>Kupca zavezujejo splo\u0161ni pogoji, ki so veljavni v trenutku nakupa (oddaje naro\u010dila v naro\u010dni\u0161ki sistem). Kupec je ob oddaji naro\u010dila vsaki\u010d posebej opozorjen na splo\u0161ne pogoje poslovanja in z oddajo naro\u010dila potrdi svojo seznanjenost z njimi.<\/p>\n<ol start=\"2\">\n<li>\n<h3><span style=\"color: #800080;\"><strong>Dostopnost informacij<\/strong><\/span><\/h3>\n<\/li>\n<\/ol>\n<p>Ponudnik se zavezuje, da bo kupcu vedno zagotovil naslednje informacije:<\/p>\n<ul>\n<li>Podatke podjetja (ime, sede\u017e in \u0161tevilko registra)<\/li>\n<li>Kontaktne podatke podjetja (elektronski naslov, telefon)<\/li>\n<li>Bistvene lastnosti spletnih te\u010dajev<\/li>\n<li>Dostopnost te\u010dajev oz. storitev (vsak te\u010daj oz. storitev, ki jo ponuja tinerga.si bo kupcu dostopen v razumljivem roku)<\/li>\n<li>Cene so jasno in nedvoumno dolo\u010dene<\/li>\n<li>Na\u010din pla\u010dila in uveljavljanje storitve<\/li>\n<li>Rok, v katerem je mo\u017eno odstopiti od storitve in pogoje za odstop (opis pravice do odstopa v skladu s 43.\u010d ZVPot; v primerih, ko potro\u0161nik v skladu s 43.\u010d \u010dlenom ZVPot nima pravice do odstopa, je o tem izrecno obve\u0161\u010den)<\/li>\n<li>Pojasnilo postopka ob prito\u017ebi<\/li>\n<\/ul>\n<ol start=\"3\">\n<li>\n<h3><span style=\"color: #800080;\"><strong>Ponudba storitev<\/strong><\/span><\/h3>\n<\/li>\n<\/ol>\n<p>Zaradi narave poslovanja preko spleta se ponudba spletnih treningov a\u017eurira in spreminja pogosto in hitro.<\/p>\n<p>Vse te\u010daje, treninge in ostale storitve izvajajo strokovnjaki iz izbranih panog, za katere se tako strokovnjaki kot ponudnik zavezujejo, da bodo ponujene storitve vedno najvi\u0161je kvalitete in v zadovoljstvo uporabnikov.<\/p>\n<p>Vsak \u010dlan, ki je kupil spletni trening, si lahko ogleda posnetek in ima tudi dostop do vseh posnetkov, ki so na voljo. Pla\u010dilo storitve kupcu zagotavlja, da dobi to\u010dno dolo\u010deno vsebino te\u010daja, ki ga je kupil.<\/p>\n<ol start=\"4\">\n<li>\n<h3><span style=\"color: #800080;\"><strong>Na\u010din pla\u010dila<\/strong><\/span><\/h3>\n<\/li>\n<\/ol>\n<p>Ponudnik omogo\u010da naslednje vrste pla\u010dila:<\/p>\n<ul>\n<li>preko nakazila UPN na TRR.<\/li>\n<li>s kreditno kartico.<\/li>\n<\/ul>\n<p>Ponudnik izda ra\u010dun na trajnem mediju, z raz\u010dlenjenimi stro\u0161ki. Kupoprodajna pogodba je v elektronski obliki shranjena na stre\u017eniku ponudnika in kupcu dostopna na njegovem elektronskem naslovu.<\/p>\n<ol start=\"5\">\n<li>\n<h3><span style=\"color: #800080;\"><strong>Pla\u010dilo naro\u010dnine<\/strong><\/span><\/h3>\n<\/li>\n<\/ol>\n<p>Program Tinerga Online je strategija, v sklopu katere tedensko prejemate nove vsebine in lahko ves \u010das koristite dodatne usluge, zato je vezana na naro\u010dnino.<\/p>\n<p>Cena mese\u010dnega naro\u010dnine je odvisna od izbire paketov in je opredeljena v ceniku storitev Tinerga Online.<\/p>\n<ol start=\"6\">\n<li>\n<h3><span style=\"color: #800080;\"><strong>Odstop od pogodbe in prekinitev naro\u010dnine<\/strong><\/span><\/h3>\n<\/li>\n<\/ol>\n<p>V kolikor se po preteku dolo\u010denega obdobja odlo\u010dite, da v prihodnje ne boste ve\u010d koristili uslug programa Tinerga Online, lahko naro\u010dnino kadarkoli prekinete.<\/p>\n<p>Po prete\u010denem obdobju, za katerega je bila poravnan kupnina, se va\u0161 profil samodejno de-aktivira, kar pomeni, da do vsebin programa ne morete ve\u010d dostopati.<\/p>\n<p>Naro\u010dnino lahko prekinete na naslednja na\u010dina:<\/p>\n<ul>\n<li>po\u0161ljete sporo\u010dilo na <a href=\"mailto:info@tinerga.si\">info@tinerga.si<\/a> in vam uredimo status naro\u010dnine,<\/li>\n<li>znotraj va\u0161ega tinerga.si profila, s klikom na \u201cPreklic naro\u010dnine\u201d<\/li>\n<\/ul>\n<ol start=\"7\">\n<li>\n<h3><span style=\"color: #800080;\"><strong>Cene<\/strong><\/span><\/h3>\n<\/li>\n<\/ol>\n<p>Cene posamezne naro\u010dnine so objavljene na spletni strani. Vse cene vsebujejo DDV, razen \u010de je izrecno napisano druga\u010de. Cene veljajo v trenutku oddaje naro\u010dila. Cene veljajo v primeru pla\u010dila z zgoraj navedenimi na\u010dini pla\u010dila in pod zgoraj navedenimi pogoji.<\/p>\n<ol start=\"8\">\n<li>\n<h3><span style=\"color: #800080;\"><strong>Prito\u017ebe<\/strong><\/span><\/h3>\n<\/li>\n<\/ol>\n<p>Ponudnik spo\u0161tuje veljavno zakonodajo o varstvu potro\u0161nikov. Ponudnik je dol\u017ean vzpostaviti u\u010dinkovit sistem obravnavanja prito\u017eb. Kupec se lahko v primeru te\u017eav na ponudnika lahko obrne prek elektronske po\u0161te ali telefona.<\/p>\n<p>Postopek za oddajo prito\u017eb je mo\u017een preko elektronske po\u0161te ali pisno na naslov podjetja. Ponudnik se zavezuje, da se bo v roku osmih delovnih dni odzval na prito\u017ebo s predlogom poteka nadaljnje obravnave postopka.<\/p>\n<p>Ponudnik si prizadeva, da bo po svojih najbolj\u0161ih mo\u010deh potrudil, da se morebitni spori re\u0161ijo sporazumno.<\/p>\n<ol start=\"9\">\n<li>\n<h3><span style=\"color: #800080;\"><strong>Vra\u010dilo kupnine<\/strong><\/span><\/h3>\n<\/li>\n<\/ol>\n<p>Vra\u010dilo kupnine ni mogo\u010de.<\/p>\n<ol start=\"10\">\n<li>\n<h3><span style=\"color: #800080;\"><strong>Poravnava obveznosti in nepla\u010dilo<\/strong><\/span><\/h3>\n<\/li>\n<\/ol>\n<p>V primeru neporavnave obveznosti (velja za na\u010din pla\u010dila Nakazilo UPN na TRR) s strani \u010dlana oziroma kupca, se mu lahko dodatno zara\u010dunavajo stro\u0161ki opomina in zamudne obresti, po veljavni zakonodaji.<\/p>\n<p>Stranka je dol\u017ena preveriti ali je prejela ra\u010dun na elektronski po\u0161ti ter vseh mapah v elektronski po\u0161ti.<\/p>\n<p>Dol\u017enost naro\u010dnika je tudi, da nas obvesti o morebitnih napakah na ra\u010dunu preko elektronske po\u0161te omenjene na spletni strani.<\/p>\n<p>Odgovornost naro\u010dnika je, da popla\u010da svoje obveznosti za katere ima sklenjeno veljavno pogodbo.<\/p>\n<ol start=\"11\">\n<li>\n<h3><span style=\"color: #800080;\"><strong>Pravica do zasebnosti<\/strong><\/span><\/h3>\n<\/li>\n<\/ol>\n<p>Ponudnik se zavezuje k trajnemu varovanju vseh osebnih podatkov strank. Ti bodo uporabljeni izklju\u010dno za po\u0161iljanje informativnega gradiva, ponudb, ra\u010dunov, lastne raziskave in za ostalo potrebno komunikacijo.<\/p>\n<ol start=\"12\">\n<li>\n<h3><span style=\"color: #800080;\"><strong>Varovanje podatkov<\/strong><\/span><\/h3>\n<\/li>\n<\/ol>\n<p>Spletna stran osebne podatke uporabnikov obdeluje na podlagi zakona in\/ali na podlagi prostovoljne privolitve uporabnika.<\/p>\n<p>Prav tako bo podatke o uporabnikih, ki jih zbira na podlagi zakona obdeloval v skladu s predpisi, ki urejajo varstvo osebnih podatkov, in drugimi predpisi o obdelovanju osebnih podatkov za vse vrste obdelav in hranjenje podatkov.<\/p>\n<p>Podjetje lahko preveri to\u010dnost posredovanih osebnih podatkov z vpogledom v osebni dokument ali drugo ustrezno javno listino posameznika, na katerega se nana\u0161ajo.<\/p>\n<p>Uporabnik ima pravico do vpogleda, prepisa, kopiranja, dopolnitve, popravka, blokiranja in izbrisa osebnih podatkov, ki se nana\u0161ajo nanj.<\/p>\n<p>Naro\u010dnik, ki je pravna oseba, samostojni podjetnik ali druga organizacija, ki v svojem imenu sklene naro\u010dni\u0161ko razmerje, dejanski uporabnik storitev pa je \u010dlan take organizacija oz. storitve uporablja na podlagi pooblastila take organizacije, je dol\u017ean ob sklenitvi naro\u010dni\u0161kega razmerja obvestiti vse posameznike, ki na podlagi tak\u0161ne pogodbe med spletno stranjo in pravno osebo uporabljajo storitve o tem, za katere namene bodo fit.si in njihovi pogodbeni obdelovalci obdelovali njihove osebne podatke.<\/p>\n<p>Organizacija, ki je naro\u010dnik storitev, ki jih ponuja podjetje, zagotavlja vpogled v vsa privoljenja posameznikov, ki jih spletna stran potrebuje za obdelavo osebnih podatkov.<\/p>\n<p>Spletna stran z namenom varovanja podatkov sprejema ustrezne ukrepe in uporablja metode in sredstva, ki zagotavljajo varovanje podatkov.<\/p>\n<p><strong>Tinerga, Tina Dragan, s.p., K Roku 117, 8000 Novo mesto, mati\u010dna \u0161tevilka: 3794083000, dav\u010dna \u0161tevilka: 11264187<\/strong><\/p>\n<p><strong>Informacije za ban\u010dno nakazilo:<br \/>\n<\/strong>Podjetje: Tina Dragan, s.p., K Roku 117, 8000 Novo mesto<br \/>\nIBAN: SI56 0315 0100 0162 710, BIC: SKBASI2X, banka: SKB, d.d.<\/p>\n<p>Splo\u0161ni pogoji so v uporabi od 1.12.2020.[\/vc_column_text][\/vc_column][\/vc_row]<\/p>\n<\/div>","protected":false},"excerpt":{"rendered":"<p>[vc_row][vc_column][vc_column_text]Stran www.tinerga.si in vse objavljene vsebine na tej strani so last podjetja TINERGA, Tina Dragan, s.p.. Vsebine se lahko uporabljajo le v nekomercialne namene in brez dovoljenja podjetja, se jih ne sme razmno\u017eevati, kopirati ali distribuirati na katerikoli drug na\u010din. Podjetje si pridr\u017euje pravico do vseh sprememb vsebine, ki so objavljene na spletni strani www.tinerga.si.<\/p>\n","protected":false},"author":1,"featured_media":0,"parent":0,"menu_order":0,"comment_status":"closed","ping_status":"closed","template":"","meta":{"footnotes":""},"_links":{"self":[{"href":"https:\/\/tinerga.si\/index.php?rest_route=\/wp\/v2\/pages\/1765"}],"collection":[{"href":"https:\/\/tinerga.si\/index.php?rest_route=\/wp\/v2\/pages"}],"about":[{"href":"https:\/\/tinerga.si\/index.php?rest_route=\/wp\/v2\/types\/page"}],"author":[{"embeddable":true,"href":"https:\/\/tinerga.si\/index.php?rest_route=\/wp\/v2\/users\/1"}],"replies":[{"embeddable":true,"href":"https:\/\/tinerga.si\/index.php?rest_route=%2Fwp%2Fv2%2Fcomments&post=1765"}],"version-history":[{"count":2,"href":"https:\/\/tinerga.si\/index.php?rest_route=\/wp\/v2\/pages\/1765\/revisions"}],"predecessor-version":[{"id":1768,"href":"https:\/\/tinerga.si\/index.php?rest_route=\/wp\/v2\/pages\/1765\/revisions\/1768"}],"wp:attachment":[{"href":"https:\/\/tinerga.si\/index.php?rest_route=%2Fwp%2Fv2%2Fmedia&parent=1765"}],"curies":[{"name":"wp","href":"https:\/\/api.w.org\/{rel}","templated":true}]}}