{"id":1909,"date":"2020-11-25T10:28:43","date_gmt":"2020-11-25T09:28:43","guid":{"rendered":"https:\/\/tinerga.si\/?page_id=1909"},"modified":"2022-09-03T21:12:57","modified_gmt":"2022-09-03T20:12:57","slug":"dodatne-vsebine-online","status":"publish","type":"page","link":"https:\/\/tinerga.si\/dodatne-vsebine-online","title":{"rendered":"Dodatne vsebine ONLINE"},"content":{"rendered":"[vc_row][vc_column][vc_empty_space][\/vc_column][\/vc_row][vc_row][vc_column width=\u201d1\/3\u2033][vc_single_image image=\u201d4001\u2033 img_size=\u201dmedium\u201d onclick=\u201dimg_link_large\u201d][\/vc_column][vc_column width=\u201d2\/3\u2033][vc_column_text css_animation=\u201dnone\u201d]NOVA SEZONA TINERGA ONLINE Z novo sezono Tinerga Online vadb za\u010denjamo v nedeljo 4.9.2022. Za\u010denjamo \u017ee 3. sezono Tinerga Online vadb. Za vsa vpra\u0161anja sem vam na voljo, info@tinerga.si ali 041 900 089. \u017delim vam uspe\u0161no novo sezono \u0161portne rekreacije. \u2b50[\/vc_column_text][\/vc_column][\/vc_row][vc_row][vc_column][vc_empty_space][\/vc_column][\/vc_row][vc_row][vc_column width=\u201d1\/3\u2033][vc_single_image image=\u201d5850\u2033 img_size=\u201dmedium\u201d onclick=\u201dimg_link_large\u201d][\/vc_column][vc_column width=\u201d2\/3\u2033][vc_column_text][\/vc_column_text][\/vc_column][\/vc_row][vc_row][vc_column][vc_empty_space][\/vc_column][\/vc_row][vc_row][vc_column width=\u201d1\/3\u2033][vc_single_image image=\u201d2029\u2033 img_size=\u201dmedium\u201d \t\t<div class=\"woocommerce\">\n\t\t\t<div class=\"woocommerce-info wc-memberships-restriction-message wc-memberships-message wc-memberships-content-restricted-message\">\n\t\t\t\tZa dostop do te strani se morate naro\u010diti na enega izmed <a href=\"https:\/\/tinerga.si\/izberi-svoj-online-paket\/\">PAKETOV<\/a>.\t\t    <\/div>\n\t\t<\/div>\n\t\t","protected":false},"excerpt":{"rendered":"<p>[vc_row][vc_column][vc_empty_space][\/vc_column][\/vc_row][vc_row][vc_column width=\u201d1\/3\u2033][vc_single_image image=\u201d4001\u2033 img_size=\u201dmedium\u201d onclick=\u201dimg_link_large\u201d][\/vc_column][vc_column width=\u201d2\/3\u2033][vc_column_text css_animation=\u201dnone\u201d]NOVA SEZONA TINERGA ONLINE Z novo sezono Tinerga Online vadb za\u010denjamo v nedeljo 4.9.2022. Za\u010denjamo \u017ee 3. sezono Tinerga Online vadb. Za vsa vpra\u0161anja sem vam na voljo, info@tinerga.si ali 041 900 089. \u017delim vam uspe\u0161no novo sezono \u0161portne rekreacije. \u2b50[\/vc_column_text][\/vc_column][\/vc_row][vc_row][vc_column][vc_empty_space][\/vc_column][\/vc_row][vc_row][vc_column width=\u201d1\/3\u2033][vc_single_image image=\u201d5850\u2033 img_size=\u201dmedium\u201d onclick=\u201dimg_link_large\u201d][\/vc_column][vc_column width=\u201d2\/3\u2033][vc_column_text][\/vc_column_text][\/vc_column][\/vc_row][vc_row][vc_column][vc_empty_space][\/vc_column][\/vc_row][vc_row][vc_column width=\u201d1\/3\u2033][vc_single_image image=\u201d2029\u2033 img_size=\u201dmedium\u201d \t\t<\/p>\n<div class=\"woocommerce\">\n<div class=\"woocommerce-info wc-memberships-restriction-message wc-memberships-message wc-memberships-content-restricted-message\">\n\t\t\t\tZa dostop do te strani se morate naro\u010diti na enega izmed <a href=\"https:\/\/tinerga.si\/izberi-svoj-online-paket\/\">PAKETOV<\/a>.\t\t    <\/div>\n<\/p><\/div>\n","protected":false},"author":2,"featured_media":0,"parent":0,"menu_order":0,"comment_status":"closed","ping_status":"closed","template":"","meta":{"footnotes":""},"_links":{"self":[{"href":"https:\/\/tinerga.si\/index.php?rest_route=\/wp\/v2\/pages\/1909"}],"collection":[{"href":"https:\/\/tinerga.si\/index.php?rest_route=\/wp\/v2\/pages"}],"about":[{"href":"https:\/\/tinerga.si\/index.php?rest_route=\/wp\/v2\/types\/page"}],"author":[{"embeddable":true,"href":"https:\/\/tinerga.si\/index.php?rest_route=\/wp\/v2\/users\/2"}],"replies":[{"embeddable":true,"href":"https:\/\/tinerga.si\/index.php?rest_route=%2Fwp%2Fv2%2Fcomments&post=1909"}],"version-history":[{"count":62,"href":"https:\/\/tinerga.si\/index.php?rest_route=\/wp\/v2\/pages\/1909\/revisions"}],"predecessor-version":[{"id":5852,"href":"https:\/\/tinerga.si\/index.php?rest_route=\/wp\/v2\/pages\/1909\/revisions\/5852"}],"wp:attachment":[{"href":"https:\/\/tinerga.si\/index.php?rest_route=%2Fwp%2Fv2%2Fmedia&parent=1909"}],"curies":[{"name":"wp","href":"https:\/\/api.w.org\/{rel}","templated":true}]}}